{"id":815,"date":"2023-12-21T15:25:01","date_gmt":"2023-12-21T15:25:01","guid":{"rendered":"https:\/\/www.chalet-stalden.ch\/?page_id=815"},"modified":"2025-03-09T13:46:06","modified_gmt":"2025-03-09T13:46:06","slug":"ahorn","status":"publish","type":"page","link":"https:\/\/www.chalet-stalden.ch\/it\/ahorn\/","title":{"rendered":"AHORN"},"content":{"rendered":"\n<div class=\"alignnormal\"><div id=\"metaslider-id-958\" style=\"width: 100%;\" class=\"ml-slider-3-109-0 metaslider metaslider-flex metaslider-958 ml-slider has-dots-nav ms-theme-default-base\" role=\"region\" aria-label=\"Ahorn\" data-height=\"1100\" data-width=\"1500\">\n    <div id=\"metaslider_container_958\">\n        <div id=\"metaslider_958\">\n            <ul class='slides'>\n                <li style=\"display: block; width: 100%;\" class=\"slide-976 ms-image \" aria-roledescription=\"slide\" data-date=\"2025-02-27 10:49:40\" data-filename=\"20240517_113937-scaled-1440x1056.jpg\" data-slide-type=\"image\"><img loading=\"lazy\" decoding=\"async\" src=\"https:\/\/www.chalet-stalden.ch\/wp-content\/uploads\/2025\/02\/20240517_113937-scaled-1440x1056.jpg\" height=\"1100\" width=\"1500\" alt=\"\" class=\"slider-958 slide-976 msDefaultImage\" title=\"20240517_113937\" \/><\/li>\n                <li style=\"display: none; width: 100%;\" class=\"slide-977 ms-image \" aria-roledescription=\"slide\" data-date=\"2025-02-27 10:49:40\" data-filename=\"IMG-20240518-WA0023-1500x1100.jpg\" data-slide-type=\"image\"><img loading=\"lazy\" decoding=\"async\" src=\"https:\/\/www.chalet-stalden.ch\/wp-content\/uploads\/2025\/02\/IMG-20240518-WA0023-1500x1100.jpg\" height=\"1100\" width=\"1500\" alt=\"\" class=\"slider-958 slide-977 msDefaultImage\" title=\"IMG-20240518-WA0023\" \/><\/li>\n                <li style=\"display: none; width: 100%;\" class=\"slide-978 ms-image \" aria-roledescription=\"slide\" data-date=\"2025-02-27 10:49:40\" data-filename=\"IMG-20240518-WA0040-1500x1100.jpg\" data-slide-type=\"image\"><img loading=\"lazy\" decoding=\"async\" src=\"https:\/\/www.chalet-stalden.ch\/wp-content\/uploads\/2025\/02\/IMG-20240518-WA0040-1500x1100.jpg\" height=\"1100\" width=\"1500\" alt=\"\" class=\"slider-958 slide-978 msDefaultImage\" title=\"IMG-20240518-WA0040\" \/><\/li>\n                <li style=\"display: none; width: 100%;\" class=\"slide-979 ms-image \" aria-roledescription=\"slide\" data-date=\"2025-02-27 10:49:40\" data-filename=\"IMG-20240518-WA0041-1500x1100.jpg\" data-slide-type=\"image\"><img loading=\"lazy\" decoding=\"async\" src=\"https:\/\/www.chalet-stalden.ch\/wp-content\/uploads\/2025\/02\/IMG-20240518-WA0041-1500x1100.jpg\" height=\"1100\" width=\"1500\" alt=\"\" class=\"slider-958 slide-979 msDefaultImage\" title=\"IMG-20240518-WA0041\" \/><\/li>\n                <li style=\"display: none; width: 100%;\" class=\"slide-980 ms-image \" aria-roledescription=\"slide\" data-date=\"2025-02-27 10:49:40\" data-filename=\"IMG-20240518-WA0042-1500x1100.jpg\" data-slide-type=\"image\"><img loading=\"lazy\" decoding=\"async\" src=\"https:\/\/www.chalet-stalden.ch\/wp-content\/uploads\/2025\/02\/IMG-20240518-WA0042-1500x1100.jpg\" height=\"1100\" width=\"1500\" alt=\"\" class=\"slider-958 slide-980 msDefaultImage\" title=\"IMG-20240518-WA0042\" \/><\/li>\n                <li style=\"display: none; width: 100%;\" class=\"slide-981 ms-image \" aria-roledescription=\"slide\" data-date=\"2025-02-27 10:49:40\" data-filename=\"IMG-20240518-WA0047-1500x1100.jpg\" data-slide-type=\"image\"><img loading=\"lazy\" decoding=\"async\" src=\"https:\/\/www.chalet-stalden.ch\/wp-content\/uploads\/2025\/02\/IMG-20240518-WA0047-1500x1100.jpg\" height=\"1100\" width=\"1500\" alt=\"\" class=\"slider-958 slide-981 msDefaultImage\" title=\"IMG-20240518-WA0047\" \/><\/li>\n                <li style=\"display: none; width: 100%;\" class=\"slide-982 ms-image \" aria-roledescription=\"slide\" data-date=\"2025-02-27 10:49:40\" data-filename=\"IMG-20240518-WA0048-1500x1100.jpg\" data-slide-type=\"image\"><img loading=\"lazy\" decoding=\"async\" src=\"https:\/\/www.chalet-stalden.ch\/wp-content\/uploads\/2025\/02\/IMG-20240518-WA0048-1500x1100.jpg\" height=\"1100\" width=\"1500\" alt=\"\" class=\"slider-958 slide-982 msDefaultImage\" title=\"IMG-20240518-WA0048\" \/><\/li>\n                <li style=\"display: none; width: 100%;\" class=\"slide-983 ms-image \" aria-roledescription=\"slide\" data-date=\"2025-02-27 10:49:40\" data-filename=\"IMG-20240518-WA0049-1500x1100.jpg\" data-slide-type=\"image\"><img loading=\"lazy\" decoding=\"async\" src=\"https:\/\/www.chalet-stalden.ch\/wp-content\/uploads\/2025\/02\/IMG-20240518-WA0049-1500x1100.jpg\" height=\"1100\" width=\"1500\" alt=\"\" class=\"slider-958 slide-983 msDefaultImage\" title=\"IMG-20240518-WA0049\" \/><\/li>\n                <li style=\"display: none; width: 100%;\" class=\"slide-984 ms-image \" aria-roledescription=\"slide\" data-date=\"2025-02-27 10:49:40\" data-filename=\"IMG-20240518-WA0050-1500x1100.jpg\" data-slide-type=\"image\"><img loading=\"lazy\" decoding=\"async\" src=\"https:\/\/www.chalet-stalden.ch\/wp-content\/uploads\/2025\/02\/IMG-20240518-WA0050-1500x1100.jpg\" height=\"1100\" width=\"1500\" alt=\"\" class=\"slider-958 slide-984 msDefaultImage\" title=\"IMG-20240518-WA0050\" \/><\/li>\n                <li style=\"display: none; width: 100%;\" class=\"slide-985 ms-image \" aria-roledescription=\"slide\" data-date=\"2025-02-27 10:49:40\" data-filename=\"IMG-20240518-WA0051-1500x1100.jpg\" data-slide-type=\"image\"><img loading=\"lazy\" decoding=\"async\" src=\"https:\/\/www.chalet-stalden.ch\/wp-content\/uploads\/2025\/02\/IMG-20240518-WA0051-1500x1100.jpg\" height=\"1100\" width=\"1500\" alt=\"\" class=\"slider-958 slide-985 msDefaultImage\" title=\"IMG-20240518-WA0051\" \/><\/li>\n                <li style=\"display: none; width: 100%;\" class=\"slide-986 ms-image \" aria-roledescription=\"slide\" data-date=\"2025-02-27 10:49:40\" data-filename=\"IMG-20240518-WA0052-1500x1100.jpg\" data-slide-type=\"image\"><img loading=\"lazy\" decoding=\"async\" src=\"https:\/\/www.chalet-stalden.ch\/wp-content\/uploads\/2025\/02\/IMG-20240518-WA0052-1500x1100.jpg\" height=\"1100\" width=\"1500\" alt=\"\" class=\"slider-958 slide-986 msDefaultImage\" title=\"IMG-20240518-WA0052\" \/><\/li>\n                <li style=\"display: none; width: 100%;\" class=\"slide-987 ms-image \" aria-roledescription=\"slide\" data-date=\"2025-02-27 10:49:40\" data-filename=\"IMG-20240518-WA0053-1500x1100.jpg\" data-slide-type=\"image\"><img loading=\"lazy\" decoding=\"async\" src=\"https:\/\/www.chalet-stalden.ch\/wp-content\/uploads\/2025\/02\/IMG-20240518-WA0053-1500x1100.jpg\" height=\"1100\" width=\"1500\" alt=\"\" class=\"slider-958 slide-987 msDefaultImage\" title=\"IMG-20240518-WA0053\" \/><\/li>\n                <li style=\"display: none; width: 100%;\" class=\"slide-988 ms-image \" aria-roledescription=\"slide\" data-date=\"2025-02-27 10:49:40\" data-filename=\"IMG-20240518-WA0054-1500x1100.jpg\" data-slide-type=\"image\"><img loading=\"lazy\" decoding=\"async\" src=\"https:\/\/www.chalet-stalden.ch\/wp-content\/uploads\/2025\/02\/IMG-20240518-WA0054-1500x1100.jpg\" height=\"1100\" width=\"1500\" alt=\"\" class=\"slider-958 slide-988 msDefaultImage\" title=\"IMG-20240518-WA0054\" \/><\/li>\n                <li style=\"display: none; width: 100%;\" class=\"slide-989 ms-image \" aria-roledescription=\"slide\" data-date=\"2025-02-27 10:49:40\" data-filename=\"IMG-20240518-WA0056-1500x1100.jpg\" data-slide-type=\"image\"><img loading=\"lazy\" decoding=\"async\" src=\"https:\/\/www.chalet-stalden.ch\/wp-content\/uploads\/2025\/02\/IMG-20240518-WA0056-1500x1100.jpg\" height=\"1100\" width=\"1500\" alt=\"\" class=\"slider-958 slide-989 msDefaultImage\" title=\"IMG-20240518-WA0056\" \/><\/li>\n                <li style=\"display: none; width: 100%;\" class=\"slide-990 ms-image \" aria-roledescription=\"slide\" data-date=\"2025-02-27 10:49:40\" data-filename=\"IMG-20240518-WA0064-1500x1100.jpg\" data-slide-type=\"image\"><img loading=\"lazy\" decoding=\"async\" src=\"https:\/\/www.chalet-stalden.ch\/wp-content\/uploads\/2025\/02\/IMG-20240518-WA0064-1500x1100.jpg\" height=\"1100\" width=\"1500\" alt=\"\" class=\"slider-958 slide-990 msDefaultImage\" title=\"IMG-20240518-WA0064\" \/><\/li>\n                <li style=\"display: none; width: 100%;\" class=\"slide-991 ms-image \" aria-roledescription=\"slide\" data-date=\"2025-02-27 10:49:40\" data-filename=\"IMG-20240518-WA0075-1500x1100.jpg\" data-slide-type=\"image\"><img loading=\"lazy\" decoding=\"async\" src=\"https:\/\/www.chalet-stalden.ch\/wp-content\/uploads\/2025\/02\/IMG-20240518-WA0075-1500x1100.jpg\" height=\"1100\" width=\"1500\" alt=\"\" class=\"slider-958 slide-991 msDefaultImage\" title=\"IMG-20240518-WA0075\" \/><\/li>\n                <li style=\"display: none; width: 100%;\" class=\"slide-992 ms-image \" aria-roledescription=\"slide\" data-date=\"2025-02-27 10:49:40\" data-filename=\"IMG-20240605-WA0006-1500x1100.jpg\" data-slide-type=\"image\"><img loading=\"lazy\" decoding=\"async\" src=\"https:\/\/www.chalet-stalden.ch\/wp-content\/uploads\/2025\/02\/IMG-20240605-WA0006-1500x1100.jpg\" height=\"1100\" width=\"1500\" alt=\"\" class=\"slider-958 slide-992 msDefaultImage\" title=\"IMG-20240605-WA0006\" \/><\/li>\n                <li style=\"display: none; width: 100%;\" class=\"slide-994 ms-image \" aria-roledescription=\"slide\" data-date=\"2025-02-27 10:50:25\" data-filename=\"IMG-20241224-WA0018-1-1500x1100.jpg\" data-slide-type=\"image\"><img loading=\"lazy\" decoding=\"async\" src=\"https:\/\/www.chalet-stalden.ch\/wp-content\/uploads\/2025\/02\/IMG-20241224-WA0018-1-1500x1100.jpg\" height=\"1100\" width=\"1500\" alt=\"\" class=\"slider-958 slide-994 msDefaultImage\" title=\"IMG-20241224-WA0018\" \/><\/li>\n            <\/ul>\n        <\/div>\n        \n    <\/div>\n<\/div><\/div>\n\n\n\n<div style=\"height:60px\" aria-hidden=\"true\" class=\"wp-block-spacer\"><\/div>\n\n\n\n<h2 class=\"wp-block-heading\">AHORN<\/h2>\n\n\n\n<p>Eine ideale Wohnung f\u00fcr Familien! <strong>Im Jahr 2024<\/strong> haben wir die Renovierung abgeschlossen. Dabei haben wir auf hochwertige Materialien und eine gem\u00fctliche Einrichtung geachtet, um Ihren Aufenthalt so angenehm wie m\u00f6glich zu gestalten.<\/p>\n\n\n\n<p>Auf <strong>78 m\u00b2<\/strong> bietet die Wohnung hervorragend Platz f\u00fcr <strong>maximal 5 Personen<\/strong>. Es gibt <strong>zwei Schlafzimmer<\/strong> mit gro\u00dfen Boxspringbetten und Qualit\u00e4tsmatratzen. Die gro\u00dfz\u00fcgige, sehr gut ausgestattete K\u00fcche l\u00e4dt zum Zaubern leckerer Mahlzeiten ein. Im gro\u00dfen Wohn- und Essbereich finden Sie einen ger\u00e4umigen Esstisch und ein <strong>gem\u00fctliches Schlafsofa<\/strong> (140 cm x 200 cm).<\/p>\n\n\n\n<p>Auf Ihrem<strong> eigenen Sitzplatz<\/strong>, der sich neben der Stra\u00dfe befindet und von Fr\u00fchling bis Herbst von der Morgensonne beschienen wird, k\u00f6nnen Sie entspannt in den Tag starten.<\/p>\n\n\n\n<div style=\"height:60px\" aria-hidden=\"true\" class=\"wp-block-spacer\"><\/div>\n\n\n\n<p><br>Preise ab 240.00 CHF pro Nacht f\u00fcr bis zu 4 Personen (je nach Saison)<\/p>\n\n\n\n<p>Zus\u00e4tzliche 5. Person 20.00 CHF pro Nacht<\/p>\n\n\n\n<p>Reinigungspauschale 100.00 CHF<\/p>\n\n\n\n<p>Haustiere auf Anfrage (zus\u00e4tzliche Geb\u00fchr pro Aufenthalt 40.00 CHF)<\/p>\n\n\n\n<p>Mindestaufenthalt 5 N\u00e4chte<\/p>\n\n\n\n<p>Maximal 5 Personen<\/p>\n\n\n\n<div style=\"height:60px\" aria-hidden=\"true\" class=\"wp-block-spacer\"><\/div>\n\n\n\n<p class=\"has-text-align-center\">Wir freuen uns darauf, Ihre Buchungsanfragen entgegenzunehmen. Bitte kontaktieren Sie uns \u00fcber info@chalet-stalden.ch.<\/p>\n\n\n\n<div style=\"height:60px\" aria-hidden=\"true\" class=\"wp-block-spacer\"><\/div>\n\n\n\n<div style=\"height:60px\" aria-hidden=\"true\" class=\"wp-block-spacer\"><\/div>\n\n\n\n<p>Alle Angaben ohne Gew\u00e4hr. \u00c4nderungen vorbehalten.<\/p>\n\n\n\n<div style=\"height:60px\" aria-hidden=\"true\" class=\"wp-block-spacer\"><\/div>\n\n\n\n<p><\/p>\n\n\n\n<p><\/p>\n","protected":false},"excerpt":{"rendered":"<p>AHORN Eine ideale Wohnung f\u00fcr Familien! Im Jahr 2024 haben wir die Renovierung abgeschlossen. Dabei haben wir auf hochwertige Materialien und eine gem\u00fctliche Einrichtung geachtet, um Ihren Aufenthalt so angenehm wie m\u00f6glich zu gestalten. Auf 78 m\u00b2 bietet die Wohnung hervorragend Platz f\u00fcr maximal 5 Personen. Es gibt zwei Schlafzimmer [&hellip;]<\/p>\n","protected":false},"author":1,"featured_media":0,"parent":0,"menu_order":0,"comment_status":"closed","ping_status":"closed","template":"","meta":{"footnotes":""},"class_list":["post-815","page","type-page","status-publish","hentry"],"translation":{"provider":"WPGlobus","version":"3.0.2","language":"it","enabled_languages":["de","en","fr","it"],"languages":{"de":{"title":true,"content":true,"excerpt":false},"en":{"title":false,"content":false,"excerpt":false},"fr":{"title":false,"content":false,"excerpt":false},"it":{"title":false,"content":false,"excerpt":false}}},"_links":{"self":[{"href":"https:\/\/www.chalet-stalden.ch\/it\/wp-json\/wp\/v2\/pages\/815","targetHints":{"allow":["GET"]}}],"collection":[{"href":"https:\/\/www.chalet-stalden.ch\/it\/wp-json\/wp\/v2\/pages"}],"about":[{"href":"https:\/\/www.chalet-stalden.ch\/it\/wp-json\/wp\/v2\/types\/page"}],"author":[{"embeddable":true,"href":"https:\/\/www.chalet-stalden.ch\/it\/wp-json\/wp\/v2\/users\/1"}],"replies":[{"embeddable":true,"href":"https:\/\/www.chalet-stalden.ch\/it\/wp-json\/wp\/v2\/comments?post=815"}],"version-history":[{"count":10,"href":"https:\/\/www.chalet-stalden.ch\/it\/wp-json\/wp\/v2\/pages\/815\/revisions"}],"predecessor-version":[{"id":1090,"href":"https:\/\/www.chalet-stalden.ch\/it\/wp-json\/wp\/v2\/pages\/815\/revisions\/1090"}],"wp:attachment":[{"href":"https:\/\/www.chalet-stalden.ch\/it\/wp-json\/wp\/v2\/media?parent=815"}],"curies":[{"name":"wp","href":"https:\/\/api.w.org\/{rel}","templated":true}]}}