{"id":812,"date":"2023-12-21T15:20:05","date_gmt":"2023-12-21T15:20:05","guid":{"rendered":"https:\/\/www.chalet-stalden.ch\/?page_id=812"},"modified":"2025-03-09T13:49:28","modified_gmt":"2025-03-09T13:49:28","slug":"fichte","status":"publish","type":"page","link":"https:\/\/www.chalet-stalden.ch\/it\/fichte\/","title":{"rendered":"FICHTE"},"content":{"rendered":"\n<p><\/p>\n\n\n\n<div class=\"alignnormal\"><div id=\"metaslider-id-882\" style=\"width: 100%;\" class=\"ml-slider-3-109-0 metaslider metaslider-flex metaslider-882 ml-slider has-dots-nav ms-theme-default-base\" role=\"region\" aria-label=\"Fichte\" data-height=\"1100\" data-width=\"1500\">\n    <div id=\"metaslider_container_882\">\n        <div id=\"metaslider_882\">\n            <ul class='slides'>\n                <li style=\"display: block; width: 100%;\" class=\"slide-896 ms-image \" aria-roledescription=\"slide\" data-date=\"2025-02-25 12:46:52\" data-filename=\"20240517_115040-scaled-1440x1056.jpg\" data-slide-type=\"image\"><img loading=\"lazy\" decoding=\"async\" src=\"https:\/\/www.chalet-stalden.ch\/wp-content\/uploads\/2025\/02\/20240517_115040-scaled-1440x1056.jpg\" height=\"1100\" width=\"1500\" alt=\"\" class=\"slider-882 slide-896 msDefaultImage\" title=\"20240517_115040\" \/><\/li>\n                <li style=\"display: none; width: 100%;\" class=\"slide-897 ms-image \" aria-roledescription=\"slide\" data-date=\"2025-02-25 12:46:52\" data-filename=\"20240517_115107-scaled-1500x1100.jpg\" data-slide-type=\"image\"><img loading=\"lazy\" decoding=\"async\" src=\"https:\/\/www.chalet-stalden.ch\/wp-content\/uploads\/2025\/02\/20240517_115107-scaled-1500x1100.jpg\" height=\"1100\" width=\"1500\" alt=\"\" class=\"slider-882 slide-897 msDefaultImage\" title=\"20240517_115107\" \/><\/li>\n                <li style=\"display: none; width: 100%;\" class=\"slide-898 ms-image \" aria-roledescription=\"slide\" data-date=\"2025-02-25 12:46:52\" data-filename=\"20240711_111703-scaled-1500x1100.jpg\" data-slide-type=\"image\"><img loading=\"lazy\" decoding=\"async\" src=\"https:\/\/www.chalet-stalden.ch\/wp-content\/uploads\/2025\/02\/20240711_111703-scaled-1500x1100.jpg\" height=\"1100\" width=\"1500\" alt=\"\" class=\"slider-882 slide-898 msDefaultImage\" title=\"20240711_111703\" \/><\/li>\n                <li style=\"display: none; width: 100%;\" class=\"slide-899 ms-image \" aria-roledescription=\"slide\" data-date=\"2025-02-25 12:46:52\" data-filename=\"20240711_111711-scaled-1440x1056.jpg\" data-slide-type=\"image\"><img loading=\"lazy\" decoding=\"async\" src=\"https:\/\/www.chalet-stalden.ch\/wp-content\/uploads\/2025\/02\/20240711_111711-scaled-1440x1056.jpg\" height=\"1100\" width=\"1500\" alt=\"\" class=\"slider-882 slide-899 msDefaultImage\" title=\"20240711_111711\" \/><\/li>\n                <li style=\"display: none; width: 100%;\" class=\"slide-900 ms-image \" aria-roledescription=\"slide\" data-date=\"2025-02-25 12:46:52\" data-filename=\"IMG-20240518-WA0057-1500x1100.jpg\" data-slide-type=\"image\"><img loading=\"lazy\" decoding=\"async\" src=\"https:\/\/www.chalet-stalden.ch\/wp-content\/uploads\/2025\/02\/IMG-20240518-WA0057-1500x1100.jpg\" height=\"1100\" width=\"1500\" alt=\"\" class=\"slider-882 slide-900 msDefaultImage\" title=\"IMG-20240518-WA0057\" \/><\/li>\n                <li style=\"display: none; width: 100%;\" class=\"slide-901 ms-image \" aria-roledescription=\"slide\" data-date=\"2025-02-25 12:46:52\" data-filename=\"IMG-20240518-WA0058-1500x1100.jpg\" data-slide-type=\"image\"><img loading=\"lazy\" decoding=\"async\" src=\"https:\/\/www.chalet-stalden.ch\/wp-content\/uploads\/2025\/02\/IMG-20240518-WA0058-1500x1100.jpg\" height=\"1100\" width=\"1500\" alt=\"\" class=\"slider-882 slide-901 msDefaultImage\" title=\"IMG-20240518-WA0058\" \/><\/li>\n                <li style=\"display: none; width: 100%;\" class=\"slide-902 ms-image \" aria-roledescription=\"slide\" data-date=\"2025-02-25 12:46:52\" data-filename=\"IMG-20240518-WA0059-1500x1100.jpg\" data-slide-type=\"image\"><img loading=\"lazy\" decoding=\"async\" src=\"https:\/\/www.chalet-stalden.ch\/wp-content\/uploads\/2025\/02\/IMG-20240518-WA0059-1500x1100.jpg\" height=\"1100\" width=\"1500\" alt=\"\" class=\"slider-882 slide-902 msDefaultImage\" title=\"IMG-20240518-WA0059\" \/><\/li>\n                <li style=\"display: none; width: 100%;\" class=\"slide-903 ms-image \" aria-roledescription=\"slide\" data-date=\"2025-02-25 12:46:52\" data-filename=\"IMG-20240518-WA0060-1500x1100.jpg\" data-slide-type=\"image\"><img loading=\"lazy\" decoding=\"async\" src=\"https:\/\/www.chalet-stalden.ch\/wp-content\/uploads\/2025\/02\/IMG-20240518-WA0060-1500x1100.jpg\" height=\"1100\" width=\"1500\" alt=\"\" class=\"slider-882 slide-903 msDefaultImage\" title=\"IMG-20240518-WA0060\" \/><\/li>\n                <li style=\"display: none; width: 100%;\" class=\"slide-904 ms-image \" aria-roledescription=\"slide\" data-date=\"2025-02-25 12:46:52\" data-filename=\"IMG-20240518-WA0063-1500x1100.jpg\" data-slide-type=\"image\"><img loading=\"lazy\" decoding=\"async\" src=\"https:\/\/www.chalet-stalden.ch\/wp-content\/uploads\/2025\/02\/IMG-20240518-WA0063-1500x1100.jpg\" height=\"1100\" width=\"1500\" alt=\"\" class=\"slider-882 slide-904 msDefaultImage\" title=\"IMG-20240518-WA0063\" \/><\/li>\n                <li style=\"display: none; width: 100%;\" class=\"slide-905 ms-image \" aria-roledescription=\"slide\" data-date=\"2025-02-25 12:46:52\" data-filename=\"IMG-20240518-WA0070-1500x1100.jpg\" data-slide-type=\"image\"><img loading=\"lazy\" decoding=\"async\" src=\"https:\/\/www.chalet-stalden.ch\/wp-content\/uploads\/2025\/02\/IMG-20240518-WA0070-1500x1100.jpg\" height=\"1100\" width=\"1500\" alt=\"\" class=\"slider-882 slide-905 msDefaultImage\" title=\"IMG-20240518-WA0070\" \/><\/li>\n                <li style=\"display: none; width: 100%;\" class=\"slide-906 ms-image \" aria-roledescription=\"slide\" data-date=\"2025-02-25 12:46:52\" data-filename=\"IMG-20240518-WA0071-1500x1100.jpg\" data-slide-type=\"image\"><img loading=\"lazy\" decoding=\"async\" src=\"https:\/\/www.chalet-stalden.ch\/wp-content\/uploads\/2025\/02\/IMG-20240518-WA0071-1500x1100.jpg\" height=\"1100\" width=\"1500\" alt=\"\" class=\"slider-882 slide-906 msDefaultImage\" title=\"IMG-20240518-WA0071\" \/><\/li>\n                <li style=\"display: none; width: 100%;\" class=\"slide-907 ms-image \" aria-roledescription=\"slide\" data-date=\"2025-02-25 12:46:52\" data-filename=\"IMG-20241224-WA0017-1500x1100.jpg\" data-slide-type=\"image\"><img loading=\"lazy\" decoding=\"async\" src=\"https:\/\/www.chalet-stalden.ch\/wp-content\/uploads\/2025\/02\/IMG-20241224-WA0017-1500x1100.jpg\" height=\"1100\" width=\"1500\" alt=\"\" class=\"slider-882 slide-907 msDefaultImage\" title=\"IMG-20241224-WA0017\" \/><\/li>\n            <\/ul>\n        <\/div>\n        \n    <\/div>\n<\/div><\/div>\n\n\n\n<div style=\"height:60px\" aria-hidden=\"true\" class=\"wp-block-spacer\"><\/div>\n\n\n\n<h2 class=\"wp-block-heading\">FICHTE<\/h2>\n\n\n\n<p><br><strong>Unser Studio<\/strong> &#8220;Fichte&#8221; ist die ideale Unterkunft f\u00fcr Ruhesuchende und Naturliebhaber. Auf <strong>30 m\u00b2<\/strong> bietet es eine gut ausgestattete K\u00fcche, einen Esstisch, ein gro\u00dfz\u00fcgiges Boxspringbett mit Qualit\u00e4tsmatratze und eine gem\u00fctliche Sitzgelegenheit, um den Tag entspannt ausklingen zu lassen. <\/p>\n\n\n\n<p>Die kleine, aber feine <strong>Terrasse<\/strong> (angrenzend an eine andere Wohnung) mit Blick in den Garten l\u00e4dt zum Verweilen und Genie\u00dfen ein. <strong>Im Jahr 2024<\/strong> haben wir die Renovierung abgeschlossen und dabei besonders auf qualitativ hochwertige Materialien und eine gem\u00fctliche Einrichtung geachtet, um Ihren Aufenthalt so angenehm wie m\u00f6glich zu gestalten. Das Studio ist f\u00fcr <strong>maximal zwei G\u00e4ste<\/strong> geeignet.<\/p>\n\n\n\n<div style=\"height:60px\" aria-hidden=\"true\" class=\"wp-block-spacer\"><\/div>\n\n\n\n<p>Preise ab 150.00 CHF pro Nacht (je nach Saison)<\/p>\n\n\n\n<p>Reinigungspauschale 60.00 CHF<\/p>\n\n\n\n<p>Haustiere auf Anfrage (zus\u00e4tzliche Geb\u00fchr pro Aufenthalt 20.00 CHF)<\/p>\n\n\n\n<p>Mindestaufenthalt 5 N\u00e4chte<\/p>\n\n\n\n<p>Maximal 2 G\u00e4ste<\/p>\n\n\n\n<div style=\"height:60px\" aria-hidden=\"true\" class=\"wp-block-spacer\"><\/div>\n\n\n\n<p class=\"has-text-align-center\">Wir freuen uns darauf, Ihre Buchungsanfragen entgegenzunehmen. Bitte kontaktieren Sie uns \u00fcber info@chalet-stalden.ch.<\/p>\n\n\n\n<div style=\"height:60px\" aria-hidden=\"true\" class=\"wp-block-spacer\"><\/div>\n\n\n\n<div style=\"height:60px\" aria-hidden=\"true\" class=\"wp-block-spacer\"><\/div>\n\n\n\n<p>Alle Angaben ohne Gew\u00e4hr. \u00c4nderungen vorbehalten.<\/p>\n\n\n\n<div style=\"height:60px\" aria-hidden=\"true\" class=\"wp-block-spacer\"><\/div>\n","protected":false},"excerpt":{"rendered":"<p>FICHTE Unser Studio &#8220;Fichte&#8221; ist die ideale Unterkunft f\u00fcr Ruhesuchende und Naturliebhaber. Auf 30 m\u00b2 bietet es eine gut ausgestattete K\u00fcche, einen Esstisch, ein gro\u00dfz\u00fcgiges Boxspringbett mit Qualit\u00e4tsmatratze und eine gem\u00fctliche Sitzgelegenheit, um den Tag entspannt ausklingen zu lassen. Die kleine, aber feine Terrasse (angrenzend an eine andere Wohnung) mit [&hellip;]<\/p>\n","protected":false},"author":1,"featured_media":0,"parent":0,"menu_order":0,"comment_status":"closed","ping_status":"closed","template":"","meta":{"footnotes":""},"class_list":["post-812","page","type-page","status-publish","hentry"],"translation":{"provider":"WPGlobus","version":"3.0.2","language":"it","enabled_languages":["de","en","fr","it"],"languages":{"de":{"title":true,"content":true,"excerpt":false},"en":{"title":false,"content":false,"excerpt":false},"fr":{"title":false,"content":false,"excerpt":false},"it":{"title":false,"content":false,"excerpt":false}}},"_links":{"self":[{"href":"https:\/\/www.chalet-stalden.ch\/it\/wp-json\/wp\/v2\/pages\/812","targetHints":{"allow":["GET"]}}],"collection":[{"href":"https:\/\/www.chalet-stalden.ch\/it\/wp-json\/wp\/v2\/pages"}],"about":[{"href":"https:\/\/www.chalet-stalden.ch\/it\/wp-json\/wp\/v2\/types\/page"}],"author":[{"embeddable":true,"href":"https:\/\/www.chalet-stalden.ch\/it\/wp-json\/wp\/v2\/users\/1"}],"replies":[{"embeddable":true,"href":"https:\/\/www.chalet-stalden.ch\/it\/wp-json\/wp\/v2\/comments?post=812"}],"version-history":[{"count":11,"href":"https:\/\/www.chalet-stalden.ch\/it\/wp-json\/wp\/v2\/pages\/812\/revisions"}],"predecessor-version":[{"id":1094,"href":"https:\/\/www.chalet-stalden.ch\/it\/wp-json\/wp\/v2\/pages\/812\/revisions\/1094"}],"wp:attachment":[{"href":"https:\/\/www.chalet-stalden.ch\/it\/wp-json\/wp\/v2\/media?parent=812"}],"curies":[{"name":"wp","href":"https:\/\/api.w.org\/{rel}","templated":true}]}}