{"id":778,"date":"2023-12-15T20:33:11","date_gmt":"2023-12-15T20:33:11","guid":{"rendered":"https:\/\/www.chalet-stalden.ch\/?page_id=778"},"modified":"2025-03-09T13:49:11","modified_gmt":"2025-03-09T13:49:11","slug":"arve","status":"publish","type":"page","link":"https:\/\/www.chalet-stalden.ch\/it\/arve\/","title":{"rendered":"ARVE"},"content":{"rendered":"\n<div class=\"alignnormal\"><div id=\"metaslider-id-1063\" style=\"width: 100%;\" class=\"ml-slider-3-109-0 metaslider metaslider-flex metaslider-1063 ml-slider has-dots-nav ms-theme-default-base\" role=\"region\" aria-label=\"Arve_neu\" data-height=\"1100\" data-width=\"1500\">\n    <div id=\"metaslider_container_1063\">\n        <div id=\"metaslider_1063\">\n            <ul class='slides'>\n                <li style=\"display: block; width: 100%;\" class=\"slide-1064 ms-image \" aria-roledescription=\"slide\" data-date=\"2025-02-27 14:18:35\" data-filename=\"IMG-20240518-WA0061-1500x1100.jpg\" data-slide-type=\"image\"><img loading=\"lazy\" decoding=\"async\" src=\"https:\/\/www.chalet-stalden.ch\/wp-content\/uploads\/2025\/02\/IMG-20240518-WA0061-1500x1100.jpg\" height=\"1100\" width=\"1500\" alt=\"\" class=\"slider-1063 slide-1064 msDefaultImage\" title=\"IMG-20240518-WA0061\" \/><\/li>\n                <li style=\"display: none; width: 100%;\" class=\"slide-1066 ms-image \" aria-roledescription=\"slide\" data-date=\"2025-02-27 14:18:35\" data-filename=\"IMG-20240518-WA0067-1500x1100.jpg\" data-slide-type=\"image\"><img loading=\"lazy\" decoding=\"async\" src=\"https:\/\/www.chalet-stalden.ch\/wp-content\/uploads\/2025\/02\/IMG-20240518-WA0067-1500x1100.jpg\" height=\"1100\" width=\"1500\" alt=\"\" class=\"slider-1063 slide-1066 msDefaultImage\" title=\"IMG-20240518-WA0067\" \/><\/li>\n                <li style=\"display: none; width: 100%;\" class=\"slide-1067 ms-image \" aria-roledescription=\"slide\" data-date=\"2025-02-27 14:18:35\" data-filename=\"20240517_114927-scaled-1440x1056.jpg\" data-slide-type=\"image\"><img loading=\"lazy\" decoding=\"async\" src=\"https:\/\/www.chalet-stalden.ch\/wp-content\/uploads\/2025\/02\/20240517_114927-scaled-1440x1056.jpg\" height=\"1100\" width=\"1500\" alt=\"\" class=\"slider-1063 slide-1067 msDefaultImage\" title=\"20240517_114927\" \/><\/li>\n                <li style=\"display: none; width: 100%;\" class=\"slide-1068 ms-image \" aria-roledescription=\"slide\" data-date=\"2025-02-27 14:18:35\" data-filename=\"IMG-20240518-WA0087-1500x1100.jpg\" data-slide-type=\"image\"><img loading=\"lazy\" decoding=\"async\" src=\"https:\/\/www.chalet-stalden.ch\/wp-content\/uploads\/2025\/02\/IMG-20240518-WA0087-1500x1100.jpg\" height=\"1100\" width=\"1500\" alt=\"\" class=\"slider-1063 slide-1068 msDefaultImage\" title=\"IMG-20240518-WA0087\" \/><\/li>\n                <li style=\"display: none; width: 100%;\" class=\"slide-1069 ms-image \" aria-roledescription=\"slide\" data-date=\"2025-02-27 14:18:35\" data-filename=\"IMG-20240518-WA0089-1500x1100.jpg\" data-slide-type=\"image\"><img loading=\"lazy\" decoding=\"async\" src=\"https:\/\/www.chalet-stalden.ch\/wp-content\/uploads\/2025\/02\/IMG-20240518-WA0089-1500x1100.jpg\" height=\"1100\" width=\"1500\" alt=\"\" class=\"slider-1063 slide-1069 msDefaultImage\" title=\"IMG-20240518-WA0089\" \/><\/li>\n                <li style=\"display: none; width: 100%;\" class=\"slide-1070 ms-image \" aria-roledescription=\"slide\" data-date=\"2025-02-27 14:18:35\" data-filename=\"IMG-20240605-WA0008-1500x1100.jpg\" data-slide-type=\"image\"><img loading=\"lazy\" decoding=\"async\" src=\"https:\/\/www.chalet-stalden.ch\/wp-content\/uploads\/2025\/02\/IMG-20240605-WA0008-1500x1100.jpg\" height=\"1100\" width=\"1500\" alt=\"\" class=\"slider-1063 slide-1070 msDefaultImage\" title=\"IMG-20240605-WA0008\" \/><\/li>\n                <li style=\"display: none; width: 100%;\" class=\"slide-1071 ms-image \" aria-roledescription=\"slide\" data-date=\"2025-02-27 14:18:35\" data-filename=\"IMG-20240605-WA0014-1500x1100.jpg\" data-slide-type=\"image\"><img loading=\"lazy\" decoding=\"async\" src=\"https:\/\/www.chalet-stalden.ch\/wp-content\/uploads\/2025\/02\/IMG-20240605-WA0014-1500x1100.jpg\" height=\"1100\" width=\"1500\" alt=\"\" class=\"slider-1063 slide-1071 msDefaultImage\" title=\"IMG-20240605-WA0014\" \/><\/li>\n                <li style=\"display: none; width: 100%;\" class=\"slide-1072 ms-image \" aria-roledescription=\"slide\" data-date=\"2025-02-27 14:18:35\" data-filename=\"IMG-20240605-WA0019-1500x1100.jpg\" data-slide-type=\"image\"><img loading=\"lazy\" decoding=\"async\" src=\"https:\/\/www.chalet-stalden.ch\/wp-content\/uploads\/2025\/02\/IMG-20240605-WA0019-1500x1100.jpg\" height=\"1100\" width=\"1500\" alt=\"\" class=\"slider-1063 slide-1072 msDefaultImage\" title=\"IMG-20240605-WA0019\" \/><\/li>\n            <\/ul>\n        <\/div>\n        \n    <\/div>\n<\/div><\/div>\n\n\n\n<h2 class=\"wp-block-heading\">ARVE<\/h2>\n\n\n\n<p><br><strong>Unser kleines Juwel<\/strong> mit viel Charme bietet ein gro\u00dfes Boxspringbett mit einer Qualit\u00e4tsmatratze, eine gut ausgestattete K\u00fcche und eine Bar zum Essen. <strong>Im Jahr 2024<\/strong> haben wir die Renovierung abgeschlossen und dabei besonderen Wert auf qualitativ hochwertige Materialien und eine gem\u00fctliche Einrichtung gelegt, um Ihren Aufenthalt so angenehm wie m\u00f6glich zu gestalten. <\/p>\n\n\n\n<p><strong>Das Studio<\/strong> (24m\u00b2) ist hell und bietet einen herrlichen Blick auf die Berge. <strong>Sie k\u00f6nnen den gem\u00fctlichen Au\u00dfensitzplatz mitbenutzen.<\/strong> Das Studio ist perfekt f\u00fcr <strong>zwei Personen<\/strong> geeignet.<\/p>\n\n\n\n<div style=\"height:60px\" aria-hidden=\"true\" class=\"wp-block-spacer\"><\/div>\n\n\n\n<p>Preise ab 120.00 CHF pro Nacht (je nach Saison)<\/p>\n\n\n\n<p>Reinigungspauschale 60.00 CHF<\/p>\n\n\n\n<p>Haustiere auf Anfrage (zus\u00e4tzliche Geb\u00fchr pro Aufenthalt 20.00 CHF)<\/p>\n\n\n\n<p>Mindestaufenthalt 5 N\u00e4chte<\/p>\n\n\n\n<p>Maximal 2 G\u00e4ste<\/p>\n\n\n\n<div style=\"height:60px\" aria-hidden=\"true\" class=\"wp-block-spacer\"><\/div>\n\n\n\n<p class=\"has-text-align-center\">Wir freuen uns darauf, Ihre Buchungsanfragen entgegenzunehmen. Bitte kontaktieren Sie uns \u00fcber info@chalet-stalden.ch.<\/p>\n\n\n\n<div style=\"height:60px\" aria-hidden=\"true\" class=\"wp-block-spacer\"><\/div>\n\n\n\n<div style=\"height:58px\" aria-hidden=\"true\" class=\"wp-block-spacer\"><\/div>\n\n\n\n<p>Alle Angaben ohne Gew\u00e4hr. \u00c4nderungen vorbehalten.<\/p>\n\n\n\n<div style=\"height:60px\" aria-hidden=\"true\" class=\"wp-block-spacer\"><\/div>\n","protected":false},"excerpt":{"rendered":"<p>ARVE Unser kleines Juwel mit viel Charme bietet ein gro\u00dfes Boxspringbett mit einer Qualit\u00e4tsmatratze, eine gut ausgestattete K\u00fcche und eine Bar zum Essen. Im Jahr 2024 haben wir die Renovierung abgeschlossen und dabei besonderen Wert auf qualitativ hochwertige Materialien und eine gem\u00fctliche Einrichtung gelegt, um Ihren Aufenthalt so angenehm wie [&hellip;]<\/p>\n","protected":false},"author":1,"featured_media":0,"parent":0,"menu_order":0,"comment_status":"closed","ping_status":"closed","template":"","meta":{"footnotes":""},"class_list":["post-778","page","type-page","status-publish","hentry"],"translation":{"provider":"WPGlobus","version":"3.0.2","language":"it","enabled_languages":["de","en","fr","it"],"languages":{"de":{"title":true,"content":true,"excerpt":false},"en":{"title":false,"content":false,"excerpt":false},"fr":{"title":false,"content":false,"excerpt":false},"it":{"title":false,"content":false,"excerpt":false}}},"_links":{"self":[{"href":"https:\/\/www.chalet-stalden.ch\/it\/wp-json\/wp\/v2\/pages\/778","targetHints":{"allow":["GET"]}}],"collection":[{"href":"https:\/\/www.chalet-stalden.ch\/it\/wp-json\/wp\/v2\/pages"}],"about":[{"href":"https:\/\/www.chalet-stalden.ch\/it\/wp-json\/wp\/v2\/types\/page"}],"author":[{"embeddable":true,"href":"https:\/\/www.chalet-stalden.ch\/it\/wp-json\/wp\/v2\/users\/1"}],"replies":[{"embeddable":true,"href":"https:\/\/www.chalet-stalden.ch\/it\/wp-json\/wp\/v2\/comments?post=778"}],"version-history":[{"count":21,"href":"https:\/\/www.chalet-stalden.ch\/it\/wp-json\/wp\/v2\/pages\/778\/revisions"}],"predecessor-version":[{"id":1088,"href":"https:\/\/www.chalet-stalden.ch\/it\/wp-json\/wp\/v2\/pages\/778\/revisions\/1088"}],"wp:attachment":[{"href":"https:\/\/www.chalet-stalden.ch\/it\/wp-json\/wp\/v2\/media?parent=778"}],"curies":[{"name":"wp","href":"https:\/\/api.w.org\/{rel}","templated":true}]}}