{"id":823,"date":"2023-12-21T15:58:31","date_gmt":"2023-12-21T15:58:31","guid":{"rendered":"https:\/\/www.chalet-stalden.ch\/?page_id=823"},"modified":"2025-03-09T13:49:19","modified_gmt":"2025-03-09T13:49:19","slug":"eiche","status":"publish","type":"page","link":"https:\/\/www.chalet-stalden.ch\/fr\/eiche\/","title":{"rendered":"EICHE"},"content":{"rendered":"\n<div class=\"alignnormal\"><div id=\"metaslider-id-1003\" style=\"width: 100%;\" class=\"ml-slider-3-109-0 metaslider metaslider-flex metaslider-1003 ml-slider has-dots-nav ms-theme-default-base\" role=\"region\" aria-label=\"Eiche\" data-height=\"1100\" data-width=\"1500\">\n    <div id=\"metaslider_container_1003\">\n        <div id=\"metaslider_1003\">\n            <ul class='slides'>\n                <li style=\"display: block; width: 100%;\" class=\"slide-1026 ms-image \" aria-roledescription=\"slide\" data-date=\"2025-02-27 13:40:38\" data-filename=\"20240711_131626-scaled-1500x1100.jpg\" data-slide-type=\"image\"><img loading=\"lazy\" decoding=\"async\" src=\"https:\/\/www.chalet-stalden.ch\/wp-content\/uploads\/2025\/02\/20240711_131626-scaled-1500x1100.jpg\" height=\"1100\" width=\"1500\" alt=\"\" class=\"slider-1003 slide-1026 msDefaultImage\" title=\"20240711_131626\" \/><\/li>\n                <li style=\"display: none; width: 100%;\" class=\"slide-1027 ms-image \" aria-roledescription=\"slide\" data-date=\"2025-02-27 13:40:38\" data-filename=\"20240711_131759-scaled-1440x1056.jpg\" data-slide-type=\"image\"><img loading=\"lazy\" decoding=\"async\" src=\"https:\/\/www.chalet-stalden.ch\/wp-content\/uploads\/2025\/02\/20240711_131759-scaled-1440x1056.jpg\" height=\"1100\" width=\"1500\" alt=\"\" class=\"slider-1003 slide-1027 msDefaultImage\" title=\"20240711_131759\" \/><\/li>\n                <li style=\"display: none; width: 100%;\" class=\"slide-1028 ms-image \" aria-roledescription=\"slide\" data-date=\"2025-02-27 13:40:38\" data-filename=\"IMG-20240518-WA0011-1500x1100.jpg\" data-slide-type=\"image\"><img loading=\"lazy\" decoding=\"async\" src=\"https:\/\/www.chalet-stalden.ch\/wp-content\/uploads\/2025\/02\/IMG-20240518-WA0011-1500x1100.jpg\" height=\"1100\" width=\"1500\" alt=\"\" class=\"slider-1003 slide-1028 msDefaultImage\" title=\"IMG-20240518-WA0011\" \/><\/li>\n                <li style=\"display: none; width: 100%;\" class=\"slide-1029 ms-image \" aria-roledescription=\"slide\" data-date=\"2025-02-27 13:40:38\" data-filename=\"IMG-20240518-WA0016-1500x1100.jpg\" data-slide-type=\"image\"><img loading=\"lazy\" decoding=\"async\" src=\"https:\/\/www.chalet-stalden.ch\/wp-content\/uploads\/2025\/02\/IMG-20240518-WA0016-1500x1100.jpg\" height=\"1100\" width=\"1500\" alt=\"\" class=\"slider-1003 slide-1029 msDefaultImage\" title=\"IMG-20240518-WA0016\" \/><\/li>\n                <li style=\"display: none; width: 100%;\" class=\"slide-1030 ms-image \" aria-roledescription=\"slide\" data-date=\"2025-02-27 13:40:38\" data-filename=\"IMG-20240518-WA0017-1500x1100.jpg\" data-slide-type=\"image\"><img loading=\"lazy\" decoding=\"async\" src=\"https:\/\/www.chalet-stalden.ch\/wp-content\/uploads\/2025\/02\/IMG-20240518-WA0017-1500x1100.jpg\" height=\"1100\" width=\"1500\" alt=\"\" class=\"slider-1003 slide-1030 msDefaultImage\" title=\"IMG-20240518-WA0017\" \/><\/li>\n                <li style=\"display: none; width: 100%;\" class=\"slide-1031 ms-image \" aria-roledescription=\"slide\" data-date=\"2025-02-27 13:40:38\" data-filename=\"IMG-20240518-WA0038-1500x1100.jpg\" data-slide-type=\"image\"><img loading=\"lazy\" decoding=\"async\" src=\"https:\/\/www.chalet-stalden.ch\/wp-content\/uploads\/2025\/02\/IMG-20240518-WA0038-1500x1100.jpg\" height=\"1100\" width=\"1500\" alt=\"\" class=\"slider-1003 slide-1031 msDefaultImage\" title=\"IMG-20240518-WA0038\" \/><\/li>\n                <li style=\"display: none; width: 100%;\" class=\"slide-1032 ms-image \" aria-roledescription=\"slide\" data-date=\"2025-02-27 13:40:39\" data-filename=\"IMG-20240518-WA0085-1500x1100.jpg\" data-slide-type=\"image\"><img loading=\"lazy\" decoding=\"async\" src=\"https:\/\/www.chalet-stalden.ch\/wp-content\/uploads\/2025\/02\/IMG-20240518-WA0085-1500x1100.jpg\" height=\"1100\" width=\"1500\" alt=\"\" class=\"slider-1003 slide-1032 msDefaultImage\" title=\"IMG-20240518-WA0085\" \/><\/li>\n                <li style=\"display: none; width: 100%;\" class=\"slide-1033 ms-image \" aria-roledescription=\"slide\" data-date=\"2025-02-27 13:40:39\" data-filename=\"IMG-20240518-WA0088-1500x1100.jpg\" data-slide-type=\"image\"><img loading=\"lazy\" decoding=\"async\" src=\"https:\/\/www.chalet-stalden.ch\/wp-content\/uploads\/2025\/02\/IMG-20240518-WA0088-1500x1100.jpg\" height=\"1100\" width=\"1500\" alt=\"\" class=\"slider-1003 slide-1033 msDefaultImage\" title=\"IMG-20240518-WA0088\" \/><\/li>\n                <li style=\"display: none; width: 100%;\" class=\"slide-1034 ms-image \" aria-roledescription=\"slide\" data-date=\"2025-02-27 13:40:39\" data-filename=\"IMG-20240518-WA0091-1500x1100.jpg\" data-slide-type=\"image\"><img loading=\"lazy\" decoding=\"async\" src=\"https:\/\/www.chalet-stalden.ch\/wp-content\/uploads\/2025\/02\/IMG-20240518-WA0091-1500x1100.jpg\" height=\"1100\" width=\"1500\" alt=\"\" class=\"slider-1003 slide-1034 msDefaultImage\" title=\"IMG-20240518-WA0091\" \/><\/li>\n                <li style=\"display: none; width: 100%;\" class=\"slide-1035 ms-image \" aria-roledescription=\"slide\" data-date=\"2025-02-27 13:40:39\" data-filename=\"IMG-20240518-WA0092-1500x1100.jpg\" data-slide-type=\"image\"><img loading=\"lazy\" decoding=\"async\" src=\"https:\/\/www.chalet-stalden.ch\/wp-content\/uploads\/2025\/02\/IMG-20240518-WA0092-1500x1100.jpg\" height=\"1100\" width=\"1500\" alt=\"\" class=\"slider-1003 slide-1035 msDefaultImage\" title=\"IMG-20240518-WA0092\" \/><\/li>\n                <li style=\"display: none; width: 100%;\" class=\"slide-1036 ms-image \" aria-roledescription=\"slide\" data-date=\"2025-02-27 13:40:39\" data-filename=\"IMG-20240518-WA0093-1500x1100.jpg\" data-slide-type=\"image\"><img loading=\"lazy\" decoding=\"async\" src=\"https:\/\/www.chalet-stalden.ch\/wp-content\/uploads\/2025\/02\/IMG-20240518-WA0093-1500x1100.jpg\" height=\"1100\" width=\"1500\" alt=\"\" class=\"slider-1003 slide-1036 msDefaultImage\" title=\"IMG-20240518-WA0093\" \/><\/li>\n                <li style=\"display: none; width: 100%;\" class=\"slide-1037 ms-image \" aria-roledescription=\"slide\" data-date=\"2025-02-27 13:40:39\" data-filename=\"IMG-20240518-WA0094-1500x1100.jpg\" data-slide-type=\"image\"><img loading=\"lazy\" decoding=\"async\" src=\"https:\/\/www.chalet-stalden.ch\/wp-content\/uploads\/2025\/02\/IMG-20240518-WA0094-1500x1100.jpg\" height=\"1100\" width=\"1500\" alt=\"\" class=\"slider-1003 slide-1037 msDefaultImage\" title=\"IMG-20240518-WA0094\" \/><\/li>\n                <li style=\"display: none; width: 100%;\" class=\"slide-1038 ms-image \" aria-roledescription=\"slide\" data-date=\"2025-02-27 13:40:39\" data-filename=\"IMG-20240518-WA0097-1500x1100.jpg\" data-slide-type=\"image\"><img loading=\"lazy\" decoding=\"async\" src=\"https:\/\/www.chalet-stalden.ch\/wp-content\/uploads\/2025\/02\/IMG-20240518-WA0097-1500x1100.jpg\" height=\"1100\" width=\"1500\" alt=\"\" class=\"slider-1003 slide-1038 msDefaultImage\" title=\"IMG-20240518-WA0097\" \/><\/li>\n                <li style=\"display: none; width: 100%;\" class=\"slide-1039 ms-image \" aria-roledescription=\"slide\" data-date=\"2025-02-27 13:40:39\" data-filename=\"IMG-20240518-WA0098-1500x1100.jpg\" data-slide-type=\"image\"><img loading=\"lazy\" decoding=\"async\" src=\"https:\/\/www.chalet-stalden.ch\/wp-content\/uploads\/2025\/02\/IMG-20240518-WA0098-1500x1100.jpg\" height=\"1100\" width=\"1500\" alt=\"\" class=\"slider-1003 slide-1039 msDefaultImage\" title=\"IMG-20240518-WA0098\" \/><\/li>\n                <li style=\"display: none; width: 100%;\" class=\"slide-1040 ms-image \" aria-roledescription=\"slide\" data-date=\"2025-02-27 13:40:39\" data-filename=\"IMG-20240518-WA0101-1500x1100.jpg\" data-slide-type=\"image\"><img loading=\"lazy\" decoding=\"async\" src=\"https:\/\/www.chalet-stalden.ch\/wp-content\/uploads\/2025\/02\/IMG-20240518-WA0101-1500x1100.jpg\" height=\"1100\" width=\"1500\" alt=\"\" class=\"slider-1003 slide-1040 msDefaultImage\" title=\"IMG-20240518-WA0101\" \/><\/li>\n                <li style=\"display: none; width: 100%;\" class=\"slide-1041 ms-image \" aria-roledescription=\"slide\" data-date=\"2025-02-27 13:40:39\" data-filename=\"IMG-20240518-WA0104-1500x1100.jpg\" data-slide-type=\"image\"><img loading=\"lazy\" decoding=\"async\" src=\"https:\/\/www.chalet-stalden.ch\/wp-content\/uploads\/2025\/02\/IMG-20240518-WA0104-1500x1100.jpg\" height=\"1100\" width=\"1500\" alt=\"\" class=\"slider-1003 slide-1041 msDefaultImage\" title=\"IMG-20240518-WA0104\" \/><\/li>\n                <li style=\"display: none; width: 100%;\" class=\"slide-1042 ms-image \" aria-roledescription=\"slide\" data-date=\"2025-02-27 13:40:39\" data-filename=\"IMG-20240518-WA0105-1500x1100.jpg\" data-slide-type=\"image\"><img loading=\"lazy\" decoding=\"async\" src=\"https:\/\/www.chalet-stalden.ch\/wp-content\/uploads\/2025\/02\/IMG-20240518-WA0105-1500x1100.jpg\" height=\"1100\" width=\"1500\" alt=\"\" class=\"slider-1003 slide-1042 msDefaultImage\" title=\"IMG-20240518-WA0105\" \/><\/li>\n                <li style=\"display: none; width: 100%;\" class=\"slide-1043 ms-image \" aria-roledescription=\"slide\" data-date=\"2025-02-27 13:40:39\" data-filename=\"IMG-20240518-WA0110-1500x1100.jpg\" data-slide-type=\"image\"><img loading=\"lazy\" decoding=\"async\" src=\"https:\/\/www.chalet-stalden.ch\/wp-content\/uploads\/2025\/02\/IMG-20240518-WA0110-1500x1100.jpg\" height=\"1100\" width=\"1500\" alt=\"\" class=\"slider-1003 slide-1043 msDefaultImage\" title=\"IMG-20240518-WA0110\" \/><\/li>\n                <li style=\"display: none; width: 100%;\" class=\"slide-1044 ms-image \" aria-roledescription=\"slide\" data-date=\"2025-02-27 13:40:39\" data-filename=\"IMG-20240518-WA0113-1500x1100.jpg\" data-slide-type=\"image\"><img loading=\"lazy\" decoding=\"async\" src=\"https:\/\/www.chalet-stalden.ch\/wp-content\/uploads\/2025\/02\/IMG-20240518-WA0113-1500x1100.jpg\" height=\"1100\" width=\"1500\" alt=\"\" class=\"slider-1003 slide-1044 msDefaultImage\" title=\"IMG-20240518-WA0113\" \/><\/li>\n                <li style=\"display: none; width: 100%;\" class=\"slide-1045 ms-image \" aria-roledescription=\"slide\" data-date=\"2025-02-27 13:40:39\" data-filename=\"IMG-20240518-WA0115-1500x1100.jpg\" data-slide-type=\"image\"><img loading=\"lazy\" decoding=\"async\" src=\"https:\/\/www.chalet-stalden.ch\/wp-content\/uploads\/2025\/02\/IMG-20240518-WA0115-1500x1100.jpg\" height=\"1100\" width=\"1500\" alt=\"\" class=\"slider-1003 slide-1045 msDefaultImage\" title=\"IMG-20240518-WA0115\" \/><\/li>\n                <li style=\"display: none; width: 100%;\" class=\"slide-1046 ms-image \" aria-roledescription=\"slide\" data-date=\"2025-02-27 13:40:39\" data-filename=\"IMG-20240518-WA0116-1500x1100.jpg\" data-slide-type=\"image\"><img loading=\"lazy\" decoding=\"async\" src=\"https:\/\/www.chalet-stalden.ch\/wp-content\/uploads\/2025\/02\/IMG-20240518-WA0116-1500x1100.jpg\" height=\"1100\" width=\"1500\" alt=\"\" class=\"slider-1003 slide-1046 msDefaultImage\" title=\"IMG-20240518-WA0116\" \/><\/li>\n                <li style=\"display: none; width: 100%;\" class=\"slide-1047 ms-image \" aria-roledescription=\"slide\" data-date=\"2025-02-27 13:40:39\" data-filename=\"IMG-20241224-WA0014-1200x880.jpg\" data-slide-type=\"image\"><img loading=\"lazy\" decoding=\"async\" src=\"https:\/\/www.chalet-stalden.ch\/wp-content\/uploads\/2025\/02\/IMG-20241224-WA0014-1200x880.jpg\" height=\"1100\" width=\"1500\" alt=\"\" class=\"slider-1003 slide-1047 msDefaultImage\" title=\"IMG-20241224-WA0014\" \/><\/li>\n            <\/ul>\n        <\/div>\n        \n    <\/div>\n<\/div><\/div>\n\n\n\n<div style=\"height:60px\" aria-hidden=\"true\" class=\"wp-block-spacer\"><\/div>\n\n\n\n<h2 class=\"wp-block-heading\">EICHE<\/h2>\n\n\n\n<p><strong>Viel Platz und Gem\u00fctlichkeit<\/strong> bietet unsere Ferienwohnung <strong>\u00abEiche\u00bb<\/strong>. Im Jahr 2024 haben wir die Renovation abgeschlossen. Dabei haben wir auf hochwertige Materialien und eine gem\u00fctliche Einrichtung geachtet, um Ihren Aufenthalt so angenehm wie m\u00f6glich zu gestalten.<\/p>\n\n\n\n<p>Die Wohnung mit <strong>120 m\u00b2<\/strong> befindet sich auf zwei Stockwerken. Im ersten Stockwerk gibt es ein G\u00e4ste-WC, ein offenes Wohn- und Esszimmer sowie den K\u00fcchenbereich. Die <strong>grossz\u00fcgige Terrasse<\/strong> (grenzt an eine andere Wohnung) <strong>mit Blick in den Garten<\/strong> l\u00e4dt zum Verweilen ein. Im oberen Stockwerk befinden sich zwei Schlafzimmer sowie die Galerie, die mit einem gem\u00fctlichen Lesestuhl eingerichtet ist.<\/p>\n\n\n\n<p>Im Hauptschlafzimmer, mit Blick in die Berge, gibt es ein gro\u00dfes Boxspringbett sowie einen gro\u00dfz\u00fcgigen Kleiderschrank. Das andere Schlafzimmer ist mit einem gro\u00dfen Doppelbett sowie zwei Einzelbetten ausgestattet. Dieses Zimmer hat Dachfenster \u2013 Sie k\u00f6nnen also mit Blick in den Sternenhimmel einschlafen (Achtung \u2013 Dachschr\u00e4ge!). Auf dem oberen Stockwerk befindet sich ebenfalls das <strong>gro\u00dfe und helle Badezimmer<\/strong> mit Dusche.<\/p>\n\n\n\n<div style=\"height:60px\" aria-hidden=\"true\" class=\"wp-block-spacer\"><\/div>\n\n\n\n<p>Preise ab 290.00 CHF pro Nacht (je nach Saison)<\/p>\n\n\n\n<p>Reinigungspauschale 120.00 CHF<\/p>\n\n\n\n<p>Haustiere auf Anfrage (zus\u00e4tzliche Geb\u00fchr pro Aufenthalt 40.00 CHF)<\/p>\n\n\n\n<p>Mindestaufenthalt 5 N\u00e4chte<\/p>\n\n\n\n<p>Maximal 6 G\u00e4ste<\/p>\n\n\n\n<div style=\"height:60px\" aria-hidden=\"true\" class=\"wp-block-spacer\"><\/div>\n\n\n\n<p class=\"has-text-align-center\"><br>Wir freuen uns darauf, Ihre Buchungsanfragen entgegenzunehmen. Bitte kontaktieren Sie uns \u00fcber info@chalet-stalden.ch.<\/p>\n\n\n\n<div style=\"height:60px\" aria-hidden=\"true\" class=\"wp-block-spacer\"><\/div>\n\n\n\n<div style=\"height:60px\" aria-hidden=\"true\" class=\"wp-block-spacer\"><\/div>\n\n\n\n<p>Alle Angaben ohne Gew\u00e4hr. \u00c4nderungen vorbehalten.<\/p>\n\n\n\n<div style=\"height:60px\" aria-hidden=\"true\" class=\"wp-block-spacer\"><\/div>\n\n\n\n<p><\/p>\n","protected":false},"excerpt":{"rendered":"<p>EICHE Viel Platz und Gem\u00fctlichkeit bietet unsere Ferienwohnung \u00abEiche\u00bb. Im Jahr 2024 haben wir die Renovation abgeschlossen. Dabei haben wir auf hochwertige Materialien und eine gem\u00fctliche Einrichtung geachtet, um Ihren Aufenthalt so angenehm wie m\u00f6glich zu gestalten. Die Wohnung mit 120 m\u00b2 befindet sich auf zwei Stockwerken. Im ersten Stockwerk [&hellip;]<\/p>\n","protected":false},"author":1,"featured_media":0,"parent":0,"menu_order":0,"comment_status":"closed","ping_status":"closed","template":"","meta":{"footnotes":""},"class_list":["post-823","page","type-page","status-publish","hentry"],"translation":{"provider":"WPGlobus","version":"3.0.2","language":"fr","enabled_languages":["de","en","fr","it"],"languages":{"de":{"title":true,"content":true,"excerpt":false},"en":{"title":false,"content":false,"excerpt":false},"fr":{"title":false,"content":false,"excerpt":false},"it":{"title":false,"content":false,"excerpt":false}}},"_links":{"self":[{"href":"https:\/\/www.chalet-stalden.ch\/fr\/wp-json\/wp\/v2\/pages\/823","targetHints":{"allow":["GET"]}}],"collection":[{"href":"https:\/\/www.chalet-stalden.ch\/fr\/wp-json\/wp\/v2\/pages"}],"about":[{"href":"https:\/\/www.chalet-stalden.ch\/fr\/wp-json\/wp\/v2\/types\/page"}],"author":[{"embeddable":true,"href":"https:\/\/www.chalet-stalden.ch\/fr\/wp-json\/wp\/v2\/users\/1"}],"replies":[{"embeddable":true,"href":"https:\/\/www.chalet-stalden.ch\/fr\/wp-json\/wp\/v2\/comments?post=823"}],"version-history":[{"count":9,"href":"https:\/\/www.chalet-stalden.ch\/fr\/wp-json\/wp\/v2\/pages\/823\/revisions"}],"predecessor-version":[{"id":1087,"href":"https:\/\/www.chalet-stalden.ch\/fr\/wp-json\/wp\/v2\/pages\/823\/revisions\/1087"}],"wp:attachment":[{"href":"https:\/\/www.chalet-stalden.ch\/fr\/wp-json\/wp\/v2\/media?parent=823"}],"curies":[{"name":"wp","href":"https:\/\/api.w.org\/{rel}","templated":true}]}}