{"id":69,"date":"2020-06-14T11:10:08","date_gmt":"2020-06-14T11:10:08","guid":{"rendered":"https:\/\/www.chaletadelheid.ch\/?page_id=69"},"modified":"2025-03-09T14:01:34","modified_gmt":"2025-03-09T14:01:34","slug":"home","status":"publish","type":"page","link":"https:\/\/www.chalet-stalden.ch\/en\/","title":{"rendered":"Home"},"content":{"rendered":"<div class=\"wp-block-image\">\n<figure class=\"aligncenter size-large is-resized\"><img loading=\"lazy\" decoding=\"async\" width=\"1024\" height=\"768\" src=\"https:\/\/www.chalet-stalden.ch\/wp-content\/uploads\/2025\/02\/IMG-20240518-WA0015-1024x768.jpg\" alt=\"\" class=\"wp-image-843\" style=\"width:547px;height:auto\" srcset=\"https:\/\/www.chalet-stalden.ch\/wp-content\/uploads\/2025\/02\/IMG-20240518-WA0015-1024x768.jpg 1024w, https:\/\/www.chalet-stalden.ch\/wp-content\/uploads\/2025\/02\/IMG-20240518-WA0015-300x225.jpg 300w, https:\/\/www.chalet-stalden.ch\/wp-content\/uploads\/2025\/02\/IMG-20240518-WA0015-768x576.jpg 768w, https:\/\/www.chalet-stalden.ch\/wp-content\/uploads\/2025\/02\/IMG-20240518-WA0015-1536x1152.jpg 1536w, https:\/\/www.chalet-stalden.ch\/wp-content\/uploads\/2025\/02\/IMG-20240518-WA0015.jpg 2000w\" sizes=\"auto, (max-width: 1024px) 100vw, 1024px\" \/><\/figure>\n<\/div>\n\n\n<div style=\"height:60px\" aria-hidden=\"true\" class=\"wp-block-spacer\"><\/div>\n\n\n\n<h2 class=\"wp-block-heading has-text-align-center\">Herzlich willkommen im Chalet Stalden<\/h2>\n\n\n\n<p><\/p>\n\n\n\n<p><br><strong>Unser Chalet<\/strong> liegt an der Hauptstra\u00dfe in Richtung Grindelwald, nur etwa 10 Autominuten vom wundersch\u00f6nen Bergdorf entfernt. Es ist der ideale Ausgangspunkt f\u00fcr Wanderungen oder Wintersportaktivit\u00e4ten in der Jungfrauregion. Nach Interlaken gelangen Sie mit dem Auto in rund 20 Minuten. <strong>L\u00fctschental<\/strong> ist ein kleines, ruhiges Dorf, das sich auf einem engen Talboden entlang des Laufs der Schwarzen L\u00fctschine erstreckt. Herrliche Wanderungen und Biketouren nach Grindelwald oder Richtung Interlaken beginnen direkt vor der Haust\u00fcr!<\/p>\n\n\n\n<p>Die frisch renovierten <strong>Wohnungen<\/strong> liegen ruhig au\u00dferhalb des Dorfzentrums, nur 10 Gehminuten vom Bahnhof Burglauenen entfernt. Die Wohnungen verf\u00fcgen \u00fcber voll ausgestattete K\u00fcchen, Schlafzimmer mit Boxspringbetten und Qualit\u00e4tsmatratzen, Badezimmer mit Duschen und einen gem\u00fctlichen Au\u00dfensitzplatz zur Mitbenutzung.<\/p>\n\n\n\n<h4 class=\"wp-block-heading\">Ausstattung<\/h4>\n\n\n\n<div class=\"wp-block-group\"><div class=\"wp-block-group__inner-container is-layout-constrained wp-block-group-is-layout-constrained\">\n<div class=\"wp-block-columns are-vertically-aligned-top is-layout-flex wp-container-core-columns-is-layout-28f84493 wp-block-columns-is-layout-flex\">\n<div class=\"wp-block-column is-vertically-aligned-top is-layout-flow wp-block-column-is-layout-flow\">\n<ul class=\"wp-block-list\">\n<li>kostenloses WLAN<\/li>\n\n\n\n<li>kostenloser Parkplatz<\/li>\n\n\n\n<li>Satelliten &#8211; TV<\/li>\n\n\n\n<li>Dusche<\/li>\n\n\n\n<li>Bett- und Frotte\u00e9w\u00e4sche inklusive<\/li>\n<\/ul>\n<\/div>\n\n\n\n<div class=\"wp-block-column is-vertically-aligned-top is-layout-flow wp-block-column-is-layout-flow\">\n<ul class=\"wp-block-list\">\n<li>Kinderbeistellbett auf Anfrage<\/li>\n\n\n\n<li>Hochstuhl f\u00fcr Kinder auf Anfrage<\/li>\n\n\n\n<li>Aussensitzplatz zur Mitben\u00fctzung<\/li>\n\n\n\n<li>Kaffeemaschine \/ Backofen \/ Mikrowelle<\/li>\n\n\n\n<li>Salz, Pfeffer, Zucker, \u00d6l<\/li>\n<\/ul>\n<\/div>\n<\/div>\n<\/div><\/div>\n\n\n\n<div style=\"height:60px\" aria-hidden=\"true\" class=\"wp-block-spacer\"><\/div>\n\n\n\n<p class=\"has-text-align-center\">Wir freuen uns darauf, Ihre Buchungsanfragen entgegenzunehmen. Bitte kontaktieren Sie uns \u00fcber info@chalet-stalden.ch.<\/p>\n\n\n\n<div style=\"height:60px\" aria-hidden=\"true\" class=\"wp-block-spacer\"><\/div>\n\n\n\n<div class=\"wp-block-group\"><div class=\"wp-block-group__inner-container is-layout-constrained wp-block-group-is-layout-constrained\">\n<div class=\"wp-block-media-text is-stacked-on-mobile is-vertically-aligned-top\" style=\"grid-template-columns:39% auto\"><figure class=\"wp-block-media-text__media\"><a href=\"https:\/\/www.chalet-stalden.ch\/arve\/\"><img loading=\"lazy\" decoding=\"async\" width=\"1024\" height=\"768\" src=\"https:\/\/www.chalet-stalden.ch\/wp-content\/uploads\/2025\/02\/IMG-20240518-WA0061-1024x768.jpg\" alt=\"\" class=\"wp-image-855 size-full\" srcset=\"https:\/\/www.chalet-stalden.ch\/wp-content\/uploads\/2025\/02\/IMG-20240518-WA0061-1024x768.jpg 1024w, https:\/\/www.chalet-stalden.ch\/wp-content\/uploads\/2025\/02\/IMG-20240518-WA0061-300x225.jpg 300w, https:\/\/www.chalet-stalden.ch\/wp-content\/uploads\/2025\/02\/IMG-20240518-WA0061-768x576.jpg 768w, https:\/\/www.chalet-stalden.ch\/wp-content\/uploads\/2025\/02\/IMG-20240518-WA0061-1536x1152.jpg 1536w, https:\/\/www.chalet-stalden.ch\/wp-content\/uploads\/2025\/02\/IMG-20240518-WA0061.jpg 2000w\" sizes=\"auto, (max-width: 1024px) 100vw, 1024px\" \/><\/a><\/figure><div class=\"wp-block-media-text__content\">\n<h5 class=\"wp-block-heading\"><a href=\"https:\/\/www.chalet-stalden.ch\/arve\/\">Arve (Studio)<\/a><\/h5>\n\n\n\n<div class=\"wp-block-group\"><div class=\"wp-block-group__inner-container is-layout-constrained wp-block-group-is-layout-constrained\">\n<p>2 G\u00e4ste<br>1 Doppelbett<br>1 Badezimmer<br><\/p>\n<\/div><\/div>\n<\/div><\/div>\n\n\n\n<div class=\"wp-block-media-text is-stacked-on-mobile is-vertically-aligned-top\" style=\"grid-template-columns:39% auto\"><figure class=\"wp-block-media-text__media\"><a href=\"https:\/\/www.chalet-stalden.ch\/fichte\/\"><img loading=\"lazy\" decoding=\"async\" width=\"1024\" height=\"768\" src=\"https:\/\/www.chalet-stalden.ch\/wp-content\/uploads\/2025\/02\/IMG-20240518-WA0058-1024x768.jpg\" alt=\"\" class=\"wp-image-888 size-full\" srcset=\"https:\/\/www.chalet-stalden.ch\/wp-content\/uploads\/2025\/02\/IMG-20240518-WA0058-1024x768.jpg 1024w, https:\/\/www.chalet-stalden.ch\/wp-content\/uploads\/2025\/02\/IMG-20240518-WA0058-300x225.jpg 300w, https:\/\/www.chalet-stalden.ch\/wp-content\/uploads\/2025\/02\/IMG-20240518-WA0058-768x576.jpg 768w, https:\/\/www.chalet-stalden.ch\/wp-content\/uploads\/2025\/02\/IMG-20240518-WA0058-1536x1152.jpg 1536w, https:\/\/www.chalet-stalden.ch\/wp-content\/uploads\/2025\/02\/IMG-20240518-WA0058.jpg 2000w\" sizes=\"auto, (max-width: 1024px) 100vw, 1024px\" \/><\/a><\/figure><div class=\"wp-block-media-text__content\">\n<h5 class=\"wp-block-heading\"><a href=\"https:\/\/www.chalet-stalden.ch\/wohnung-8\/\">Fich<\/a><a href=\"https:\/\/www.chalet-stalden.ch\/fichte\/\">te (Studio)<\/a><\/h5>\n\n\n\n<div class=\"wp-block-group\"><div class=\"wp-block-group__inner-container is-layout-constrained wp-block-group-is-layout-constrained\">\n<p>2 G\u00e4ste<br>1 Doppelbett<br>1 Badezimmer<br>Terrasse<\/p>\n<\/div><\/div>\n<\/div><\/div>\n\n\n\n<div class=\"wp-block-media-text is-stacked-on-mobile is-vertically-aligned-top\" style=\"grid-template-columns:39% auto\"><figure class=\"wp-block-media-text__media\"><a href=\"https:\/\/www.chalet-stalden.ch\/ahorn\/\"><img loading=\"lazy\" decoding=\"async\" width=\"1024\" height=\"768\" src=\"https:\/\/www.chalet-stalden.ch\/wp-content\/uploads\/2025\/02\/IMG-20240518-WA0051-1024x768.jpg\" alt=\"\" class=\"wp-image-968 size-full\" srcset=\"https:\/\/www.chalet-stalden.ch\/wp-content\/uploads\/2025\/02\/IMG-20240518-WA0051-1024x768.jpg 1024w, https:\/\/www.chalet-stalden.ch\/wp-content\/uploads\/2025\/02\/IMG-20240518-WA0051-300x225.jpg 300w, https:\/\/www.chalet-stalden.ch\/wp-content\/uploads\/2025\/02\/IMG-20240518-WA0051-768x576.jpg 768w, https:\/\/www.chalet-stalden.ch\/wp-content\/uploads\/2025\/02\/IMG-20240518-WA0051-1536x1152.jpg 1536w, https:\/\/www.chalet-stalden.ch\/wp-content\/uploads\/2025\/02\/IMG-20240518-WA0051.jpg 2000w\" sizes=\"auto, (max-width: 1024px) 100vw, 1024px\" \/><\/a><\/figure><div class=\"wp-block-media-text__content\">\n<h5 class=\"wp-block-heading\"><a href=\"https:\/\/www.chalet-stalden.ch\/ahorn\/\">Ahorn<\/a><\/h5>\n\n\n\n<div class=\"wp-block-group\"><div class=\"wp-block-group__inner-container is-layout-constrained wp-block-group-is-layout-constrained\">\n<p>5 G\u00e4ste<br>2 Doppelbetten \/ 1 Bettsofa<br>1 Badezimmer<br>Terrasse<\/p>\n<\/div><\/div>\n<\/div><\/div>\n\n\n\n<div class=\"wp-block-media-text is-stacked-on-mobile is-vertically-aligned-top\" style=\"grid-template-columns:38% auto\"><figure class=\"wp-block-media-text__media\"><a href=\"https:\/\/www.chalet-stalden.ch\/eiche\/\"><img loading=\"lazy\" decoding=\"async\" width=\"1024\" height=\"768\" src=\"https:\/\/www.chalet-stalden.ch\/wp-content\/uploads\/2025\/02\/IMG-20240518-WA0091-1024x768.jpg\" alt=\"\" class=\"wp-image-1012 size-full\" srcset=\"https:\/\/www.chalet-stalden.ch\/wp-content\/uploads\/2025\/02\/IMG-20240518-WA0091-1024x768.jpg 1024w, https:\/\/www.chalet-stalden.ch\/wp-content\/uploads\/2025\/02\/IMG-20240518-WA0091-300x225.jpg 300w, https:\/\/www.chalet-stalden.ch\/wp-content\/uploads\/2025\/02\/IMG-20240518-WA0091-768x576.jpg 768w, https:\/\/www.chalet-stalden.ch\/wp-content\/uploads\/2025\/02\/IMG-20240518-WA0091-1536x1152.jpg 1536w, https:\/\/www.chalet-stalden.ch\/wp-content\/uploads\/2025\/02\/IMG-20240518-WA0091.jpg 2000w\" sizes=\"auto, (max-width: 1024px) 100vw, 1024px\" \/><\/a><\/figure><div class=\"wp-block-media-text__content\">\n<h5 class=\"wp-block-heading\"><a href=\"https:\/\/www.chalet-stalden.ch\/eiche\/\">Eiche<\/a><\/h5>\n\n\n\n<div class=\"wp-block-group\"><div class=\"wp-block-group__inner-container is-layout-constrained wp-block-group-is-layout-constrained\">\n<div class=\"wp-block-group is-vertical is-layout-flex wp-container-core-group-is-layout-fe9cc265 wp-block-group-is-layout-flex\">\n<p>6 G\u00e4ste<br>2 Doppelbetten \/ 2 Einzelbetten <br>1 Badezimmer \/ 1 G\u00e4ste-WC<br>Terrasse<\/p>\n<\/div>\n<\/div><\/div>\n<\/div><\/div>\n<\/div><\/div>\n\n\n\n<div style=\"height:56px\" aria-hidden=\"true\" class=\"wp-block-spacer\"><\/div>\n\n\n\n<div style=\"height:39px\" aria-hidden=\"true\" class=\"wp-block-spacer\"><\/div>\n\n\n<div class=\"wp-block-image\">\n<figure class=\"aligncenter size-large\"><img loading=\"lazy\" decoding=\"async\" width=\"1024\" height=\"576\" src=\"https:\/\/www.chalet-stalden.ch\/wp-content\/uploads\/2025\/02\/20240517_115155-1024x576.jpg\" alt=\"\" class=\"wp-image-844\" srcset=\"https:\/\/www.chalet-stalden.ch\/wp-content\/uploads\/2025\/02\/20240517_115155-1024x576.jpg 1024w, https:\/\/www.chalet-stalden.ch\/wp-content\/uploads\/2025\/02\/20240517_115155-300x169.jpg 300w, https:\/\/www.chalet-stalden.ch\/wp-content\/uploads\/2025\/02\/20240517_115155-768x432.jpg 768w, https:\/\/www.chalet-stalden.ch\/wp-content\/uploads\/2025\/02\/20240517_115155-1536x864.jpg 1536w, https:\/\/www.chalet-stalden.ch\/wp-content\/uploads\/2025\/02\/20240517_115155-2048x1152.jpg 2048w\" sizes=\"auto, (max-width: 1024px) 100vw, 1024px\" \/><\/figure>\n<\/div>\n\n\n<div style=\"height:30px\" aria-hidden=\"true\" class=\"wp-block-spacer\"><\/div>\n\n\n\n<figure class=\"wp-block-gallery has-nested-images columns-default is-cropped wp-block-gallery-1 is-layout-flex wp-block-gallery-is-layout-flex\">\n<figure class=\"wp-block-image size-large\"><img loading=\"lazy\" decoding=\"async\" width=\"1024\" height=\"768\" data-id=\"926\" src=\"https:\/\/www.chalet-stalden.ch\/wp-content\/uploads\/2025\/02\/IMG-20241224-WA0010-1024x768.jpg\" alt=\"\" class=\"wp-image-926\" srcset=\"https:\/\/www.chalet-stalden.ch\/wp-content\/uploads\/2025\/02\/IMG-20241224-WA0010-1024x768.jpg 1024w, https:\/\/www.chalet-stalden.ch\/wp-content\/uploads\/2025\/02\/IMG-20241224-WA0010-300x225.jpg 300w, https:\/\/www.chalet-stalden.ch\/wp-content\/uploads\/2025\/02\/IMG-20241224-WA0010-768x576.jpg 768w, https:\/\/www.chalet-stalden.ch\/wp-content\/uploads\/2025\/02\/IMG-20241224-WA0010-1536x1152.jpg 1536w, https:\/\/www.chalet-stalden.ch\/wp-content\/uploads\/2025\/02\/IMG-20241224-WA0010.jpg 2000w\" sizes=\"auto, (max-width: 1024px) 100vw, 1024px\" \/><\/figure>\n\n\n\n<figure class=\"wp-block-image size-large\"><img loading=\"lazy\" decoding=\"async\" width=\"1024\" height=\"768\" data-id=\"923\" src=\"https:\/\/www.chalet-stalden.ch\/wp-content\/uploads\/2025\/02\/IMG-20240518-WA0026-1024x768.jpg\" alt=\"\" class=\"wp-image-923\" srcset=\"https:\/\/www.chalet-stalden.ch\/wp-content\/uploads\/2025\/02\/IMG-20240518-WA0026-1024x768.jpg 1024w, https:\/\/www.chalet-stalden.ch\/wp-content\/uploads\/2025\/02\/IMG-20240518-WA0026-300x225.jpg 300w, https:\/\/www.chalet-stalden.ch\/wp-content\/uploads\/2025\/02\/IMG-20240518-WA0026-768x576.jpg 768w, https:\/\/www.chalet-stalden.ch\/wp-content\/uploads\/2025\/02\/IMG-20240518-WA0026-1536x1152.jpg 1536w, https:\/\/www.chalet-stalden.ch\/wp-content\/uploads\/2025\/02\/IMG-20240518-WA0026.jpg 2000w\" sizes=\"auto, (max-width: 1024px) 100vw, 1024px\" \/><\/figure>\n\n\n\n<figure class=\"wp-block-image size-large\"><img loading=\"lazy\" decoding=\"async\" width=\"1024\" height=\"768\" data-id=\"924\" src=\"https:\/\/www.chalet-stalden.ch\/wp-content\/uploads\/2025\/02\/IMG-20240605-WA0014-1024x768.jpg\" alt=\"\" class=\"wp-image-924\" srcset=\"https:\/\/www.chalet-stalden.ch\/wp-content\/uploads\/2025\/02\/IMG-20240605-WA0014-1024x768.jpg 1024w, https:\/\/www.chalet-stalden.ch\/wp-content\/uploads\/2025\/02\/IMG-20240605-WA0014-300x225.jpg 300w, https:\/\/www.chalet-stalden.ch\/wp-content\/uploads\/2025\/02\/IMG-20240605-WA0014-768x576.jpg 768w, https:\/\/www.chalet-stalden.ch\/wp-content\/uploads\/2025\/02\/IMG-20240605-WA0014-1536x1152.jpg 1536w, https:\/\/www.chalet-stalden.ch\/wp-content\/uploads\/2025\/02\/IMG-20240605-WA0014.jpg 2000w\" sizes=\"auto, (max-width: 1024px) 100vw, 1024px\" \/><\/figure>\n\n\n\n<figure class=\"wp-block-image size-large\"><img loading=\"lazy\" decoding=\"async\" width=\"1024\" height=\"768\" data-id=\"931\" src=\"https:\/\/www.chalet-stalden.ch\/wp-content\/uploads\/2025\/02\/IMG-20240605-WA0019-1024x768.jpg\" alt=\"\" class=\"wp-image-931\" srcset=\"https:\/\/www.chalet-stalden.ch\/wp-content\/uploads\/2025\/02\/IMG-20240605-WA0019-1024x768.jpg 1024w, https:\/\/www.chalet-stalden.ch\/wp-content\/uploads\/2025\/02\/IMG-20240605-WA0019-300x225.jpg 300w, https:\/\/www.chalet-stalden.ch\/wp-content\/uploads\/2025\/02\/IMG-20240605-WA0019-768x576.jpg 768w, https:\/\/www.chalet-stalden.ch\/wp-content\/uploads\/2025\/02\/IMG-20240605-WA0019-1536x1152.jpg 1536w, https:\/\/www.chalet-stalden.ch\/wp-content\/uploads\/2025\/02\/IMG-20240605-WA0019.jpg 2000w\" sizes=\"auto, (max-width: 1024px) 100vw, 1024px\" \/><\/figure>\n\n\n\n<figure class=\"wp-block-image size-large\"><img loading=\"lazy\" decoding=\"async\" width=\"1024\" height=\"576\" data-id=\"844\" src=\"https:\/\/www.chalet-stalden.ch\/wp-content\/uploads\/2025\/02\/20240517_115155-1024x576.jpg\" alt=\"\" class=\"wp-image-844\" srcset=\"https:\/\/www.chalet-stalden.ch\/wp-content\/uploads\/2025\/02\/20240517_115155-1024x576.jpg 1024w, https:\/\/www.chalet-stalden.ch\/wp-content\/uploads\/2025\/02\/20240517_115155-300x169.jpg 300w, https:\/\/www.chalet-stalden.ch\/wp-content\/uploads\/2025\/02\/20240517_115155-768x432.jpg 768w, https:\/\/www.chalet-stalden.ch\/wp-content\/uploads\/2025\/02\/20240517_115155-1536x864.jpg 1536w, https:\/\/www.chalet-stalden.ch\/wp-content\/uploads\/2025\/02\/20240517_115155-2048x1152.jpg 2048w\" sizes=\"auto, (max-width: 1024px) 100vw, 1024px\" \/><\/figure>\n\n\n\n<figure class=\"wp-block-image size-large\"><img loading=\"lazy\" decoding=\"async\" width=\"1024\" height=\"768\" data-id=\"927\" src=\"https:\/\/www.chalet-stalden.ch\/wp-content\/uploads\/2025\/02\/IMG-20241224-WA0015-1024x768.jpg\" alt=\"\" class=\"wp-image-927\" srcset=\"https:\/\/www.chalet-stalden.ch\/wp-content\/uploads\/2025\/02\/IMG-20241224-WA0015-1024x768.jpg 1024w, https:\/\/www.chalet-stalden.ch\/wp-content\/uploads\/2025\/02\/IMG-20241224-WA0015-300x225.jpg 300w, https:\/\/www.chalet-stalden.ch\/wp-content\/uploads\/2025\/02\/IMG-20241224-WA0015-768x576.jpg 768w, https:\/\/www.chalet-stalden.ch\/wp-content\/uploads\/2025\/02\/IMG-20241224-WA0015-1536x1152.jpg 1536w, https:\/\/www.chalet-stalden.ch\/wp-content\/uploads\/2025\/02\/IMG-20241224-WA0015.jpg 1600w\" sizes=\"auto, (max-width: 1024px) 100vw, 1024px\" \/><\/figure>\n\n\n\n<figure class=\"wp-block-image size-large\"><img loading=\"lazy\" decoding=\"async\" width=\"1024\" height=\"576\" data-id=\"928\" src=\"https:\/\/www.chalet-stalden.ch\/wp-content\/uploads\/2025\/02\/20240108_081143-1024x576.jpg\" alt=\"\" class=\"wp-image-928\" srcset=\"https:\/\/www.chalet-stalden.ch\/wp-content\/uploads\/2025\/02\/20240108_081143-1024x576.jpg 1024w, https:\/\/www.chalet-stalden.ch\/wp-content\/uploads\/2025\/02\/20240108_081143-300x169.jpg 300w, https:\/\/www.chalet-stalden.ch\/wp-content\/uploads\/2025\/02\/20240108_081143-768x432.jpg 768w, https:\/\/www.chalet-stalden.ch\/wp-content\/uploads\/2025\/02\/20240108_081143-1536x864.jpg 1536w, https:\/\/www.chalet-stalden.ch\/wp-content\/uploads\/2025\/02\/20240108_081143-2048x1152.jpg 2048w\" sizes=\"auto, (max-width: 1024px) 100vw, 1024px\" \/><\/figure>\n<\/figure>\n\n\n\n<p><\/p>\n\n\n\n<p style=\"font-size:15px\">Alle Angaben ohne Gew\u00e4hr. \u00c4nderungen vorbehalten.<\/p>\n\n\n\n<h3 class=\"wp-block-heading\"><\/h3>\n\n\n\n<p><\/p>\n","protected":false},"excerpt":{"rendered":"<p>Herzlich willkommen im Chalet Stalden Unser Chalet liegt an der Hauptstra\u00dfe in Richtung Grindelwald, nur etwa 10 Autominuten vom wundersch\u00f6nen Bergdorf entfernt. Es ist der ideale Ausgangspunkt f\u00fcr Wanderungen oder Wintersportaktivit\u00e4ten in der Jungfrauregion. Nach Interlaken gelangen Sie mit dem Auto in rund 20 Minuten. L\u00fctschental ist ein kleines, ruhiges [&hellip;]<\/p>\n","protected":false},"author":1,"featured_media":0,"parent":0,"menu_order":0,"comment_status":"closed","ping_status":"closed","template":"page-templates\/template-fullwidth.php","meta":{"footnotes":""},"class_list":["post-69","page","type-page","status-publish","hentry"],"translation":{"provider":"WPGlobus","version":"3.0.2","language":"en","enabled_languages":["de","en","fr","it"],"languages":{"de":{"title":true,"content":true,"excerpt":false},"en":{"title":false,"content":false,"excerpt":false},"fr":{"title":false,"content":false,"excerpt":false},"it":{"title":false,"content":false,"excerpt":false}}},"_links":{"self":[{"href":"https:\/\/www.chalet-stalden.ch\/en\/wp-json\/wp\/v2\/pages\/69","targetHints":{"allow":["GET"]}}],"collection":[{"href":"https:\/\/www.chalet-stalden.ch\/en\/wp-json\/wp\/v2\/pages"}],"about":[{"href":"https:\/\/www.chalet-stalden.ch\/en\/wp-json\/wp\/v2\/types\/page"}],"author":[{"embeddable":true,"href":"https:\/\/www.chalet-stalden.ch\/en\/wp-json\/wp\/v2\/users\/1"}],"replies":[{"embeddable":true,"href":"https:\/\/www.chalet-stalden.ch\/en\/wp-json\/wp\/v2\/comments?post=69"}],"version-history":[{"count":229,"href":"https:\/\/www.chalet-stalden.ch\/en\/wp-json\/wp\/v2\/pages\/69\/revisions"}],"predecessor-version":[{"id":1103,"href":"https:\/\/www.chalet-stalden.ch\/en\/wp-json\/wp\/v2\/pages\/69\/revisions\/1103"}],"wp:attachment":[{"href":"https:\/\/www.chalet-stalden.ch\/en\/wp-json\/wp\/v2\/media?parent=69"}],"curies":[{"name":"wp","href":"https:\/\/api.w.org\/{rel}","templated":true}]}}